{"id":61,"date":"2017-06-09T21:43:09","date_gmt":"2017-06-09T19:43:09","guid":{"rendered":"http:\/\/bloggystyle.fotogravi.de\/?page_id=61"},"modified":"2017-06-09T21:43:09","modified_gmt":"2017-06-09T19:43:09","slug":"warum-wir-sind-wie-wir-sind-und-wie-wir-3-uns-fanden","status":"publish","type":"page","link":"https:\/\/bloggystyle.fotogravi.de\/index.php\/warum-wir-sind-wie-wir-sind-und-wie-wir-3-uns-fanden\/","title":{"rendered":"Warum wir sind, wie wir sind und wie wir 3 uns fanden&#8230;"},"content":{"rendered":"<p>Da ist er nun, mein allererster Blogeintrag. Ich bin doch direkt ein bisschen aufgeregt\u2026 dennoch ich m\u00f6chte in diesem ersten Eintrag ehrlich sein zu euch, ehrlich im Sinne, warum sind wir so wie wir sind, was macht unsere Pers\u00f6nlichkeit aus, warum reagieren wir manchmal unvorhersehbar, anders als vielleicht andere\u2026 Hinter jedem Menschen steht eine Geschichte, das hier ist also nun ein Teil von unserer\u2026 vielleicht habt ihr Lust es zu lesen, ohne \u00fcber uns zu urteilen, ohne uns in eine Schublade zu stecken\u2026 Wir haben eins gelernt in den letzten Jahren:<\/p>\n<p>Wir k\u00f6nnen den Wind nicht \u00e4ndern, aber wir k\u00f6nnen die Segel anders setzen\u2026<\/p>\n<p>Wie unsere Planung ausgesehen hat? So wie bei allen anderen auch \u2013 verliebt, verlobt, verheiratet, Kinder\u2026 Aber: Erstens kommt es anders, und zweitens als man denkt. Auch wir sind verheiratet, hatten eine gro\u00dfe Krise hinter uns, es ging uns endlich wieder gut und wir haben inniger und ehrlicher zueinander gefunden als jemals zuvor. Dann dachten wir, der Zeitpunkt f\u00fcr ein Kind w\u00e4re doch jetzt wunderbar. Doch, wie ist es so oft. Es will einfach nicht klappen. Jeden Monat aufs Neue, hoffen, bangen, Entt\u00e4uschung, Frust\u2026 Diese Achterbahnfahrt der Gef\u00fchle ist f\u00fcr viele vielleicht nach dem Absetzen der Pille die ersten Monate ganz spannend \u2013 aber irgendwann will man da nicht mehr mitfahren. Du merkst pl\u00f6tzlich, es geht mir sehr nahe, es geht mir an die Substanz\u2026<\/p>\n<p>Eine Entscheidung muss her. Unser Weg f\u00fchrte uns \u2013 in ein Kinderwunschzentrum \u2013 und wir erhofften uns nat\u00fcrlich Gro\u00dfes davon. Auf den Termin warteten wir bereits 4 Monate \u2013 dann endlich die erste Vorstellung. Die \u00c4rztin war eigentlich ganz nett, distanziert aber okay, das Team ebenso. Wir wurden fotografiert und \u00fcber alles \u2013 wirklich ALLES \u2013 ausgefragt. Man nahm uns Blut ab und untersuchte uns von Kopf bis Fu\u00df. Von innen nach au\u00dfen. Wir bekamen eine Mappe mit all unseren Untersuchungsergebnissen, die war so dick, man k\u00f6nnte meinen wir w\u00e4ren dort schon jahrelang in Behandlung\u2026 Was uns aber wirklich konfus machte, alle da drin gingen einfach mal davon aus, dass wir bereit sind \u2013 so ziemlich alles f\u00fcr unseren Kinderwunsch zu tun. Erstmal eine Aufkl\u00e4rung, was es denn so alles an Behandlungsm\u00f6glichkeiten gibt \u2013 Fehlanzeige\u2026 Wir wussten aber zu diesem Zeitpunkt noch gar nicht was da alles auf uns zukommen w\u00fcrde. Man verordnete mir ein Diabetes Medikament um irgendwas in mir besser zu stimulieren und sagte mir schon mal wenn es dann los geht m\u00fcsste ich mir eben Zuhause hochdosierte Hormone spritzen. Da ging uns dann schon das erste mal die Kinnlade nach unten. \u00a0Beim zweiten Termin, waren alle irgendwie noch ein bisschen distanzierter. So haben wir es zumindest empfunden. Nachdem einige Untersuchungen ziemlich schlecht ausfielen und die \u00c4rztin uns weiter \u00fcberweisen wollte zu verschiedensten Eingriffen wussten wir, wir wollen eigentlich schnellst m\u00f6glichst dieses Geb\u00e4ude verlassen. Es hat uns einfach irgendwie \u00fcberrannt. Nach diesem f\u00fcr uns ziemlich niederschmetternden Termin fuhren wir erstmal ins Reiseb\u00fcro und buchten 9 Tage Irland \u2013 mit Auto aber ohne Hotel\u2026 Freiheit, Abenteuer, gemeinsamer Roadtrip \u2013 das brauchten wir jetzt. Wir haben diese Zeit so genossen, wir f\u00fchlten uns einfach nur wohl, wir beide \u2013 mehr brauchen wir nicht. Ich denke, diesen Gedanken hatten wir Beide auch schon l\u00e4nger in uns. Kaum aus Irland zur\u00fcck, mitten im Supermarkt dann der Anruf \u2013 sie haben bei all den Untersuchungen jetzt auch noch einen Gendefekt entdeckt, der wohl mit noch ein paar ung\u00fcnstigen Faktoren, die Kinderlosigkeit erkl\u00e4rt. Ehrlich gesagt wei\u00df ich gar nicht mehr, was mir die \u00c4rztin an diesem Tag inmitten von Backwaren und Nudeln noch so erz\u00e4hlt hat\u2026. Ich hab nur noch meinen Mann gesucht, mich in seine Arme gefl\u00fcchtet und gesagt \u2013 ich will diese ganze Geschichte eigentlich gar nicht mehr\u2026 Dann fuhren wir nach Hause. Im Auto sitzend im Hof, sagte mir mein Mann \u2013 er m\u00f6chte das auch nicht. Jeder von uns machte sich riesige Sorgen um den anderen, bzgl. Hormontherapien, Biopsien, Medikamente, gesundheitliche Risiken und ich denke wir dachten Beide schon l\u00e4nger das Gleiche. Nein \u2013 wir m\u00f6chten das Nicht! In dieser Zeit hat mir mein Mann einen Satz gesagt, den ich niemals vergessen werde, denn es war eines der sch\u00f6nsten Dinge, die er mir jemals gesagt hat. \u00a0 \u00a0 \u00a0 \u00a0 \u00a0 \u00a0 \u00a0 \u00a0 \u00a0 \u00a0 \u00a0 \u00a0 \u00a0 \u00a0 \u00a0 \u00a0 \u00a0 \u00a0 \u00a0 \u00a0 \u00a0 \u00a0 \u00a0 \u00a0 \u00a0 \u00a0 \u00a0 \u00a0 Seine Worte waren: \u201eDu reichst mir in meinem Leben, du f\u00fcllst mein Leben aus, ein Kind w\u00e4re sch\u00f6n gewesen, aber kein Muss, du bist es die ich in meinem Leben brauche.\u201c\u00a0 Und genauso denke ich auch, ich empfinde es als ein gro\u00dfes Geschenk, wenn man seinen Herzensmensch an seiner Seite haben darf.<\/p>\n<p>Ja es tut manchmal weh, ich m\u00fcsste l\u00fcgen, zu behaupten, es schmerzt nicht, sich von dem Gedanken eines eigenen Kindes zu verabschieden. Nicht jeder Tag ist gleich, an manchen Tagen tut auch der Anblick kleiner Babys weh, aber ich empfinde es so, es wird besser. Man nimmt irgendwie innerlich Abstand von dem Thema, und ich man ist irgendwie weniger empfindlich. Gerade wenn man seinen Fokus dann ganz bewusst auf andere sch\u00f6ne Dinge lenkt. So war es also dann, wir gingen in unsere Wohnung hoch, haben in der Kinderwunschklinik angerufen und gesagt, sie sollen alle weiteren Termine streichen, wir haben uns klar gegen diese ganze Sache entschieden. Ich glaube heute wir sind eines der wenigen Paare die sich so entscheiden und ich ziehe meinen Hut vor den Paaren, die diesen Weg gehen. Unser Weg ist es nicht, er f\u00fchlt sich nicht richtig, nicht gesund, nicht gut f\u00fcr uns an. Ich bin so dankbar, dass mein Mann und ich dazu die selbe Einstellung haben. Ich wei\u00df, jeder von uns h\u00e4tte es dem Partner zuliebe getan, ohne Wenn und Aber\u2026 Und alleine schon das f\u00fchlt sich wunderbar an. Wir hatten in dieser Zeit unglaublich viel R\u00fcckhalt von unseren Familien, unseren Eltern, unserer Trauzeugin und unseren Freunden\u2026\u00a0 Daf\u00fcr sind wir sehr dankar.<\/p>\n<p>Mein Mann wusste, dass ich schon mein Leben lang einen gro\u00dfen Herzenswunsch habe \u2013 der hat vier Pfoten und Fell und bellt ab und zu\u2026 Im September haben wir dann erfahren, dass wenn alles gut l\u00e4uft im November unser Hundewelpe zur Welt kommen wird.\u00a0 Das hat echt auf Anhieb geklappt (wenigstens bei den Wauzis) *lach* \u2013 wir haben uns so unendlich gefreut. So war es dann auch, am 06. November 2016 kamen sieben kleine Welpen zur Welt \u2013 darunter ein R\u00fcde \u2013 das sollte unser Toby werden. Dieses winzig kleine Lebewesen, von Anfang an zu begleiten und das alles hautnah mitzuerleben, entsch\u00e4digt uns f\u00fcr das alles, was wir selbst nicht haben k\u00f6nnen. Manchmal sitzen wir einfach nur da und bestaunen unser Hundekind und sind einfach nur gl\u00fccklich und dankbar, dass es so ist, wie es ist. Wir sagen uns immer wieder, den schickte uns der Himmel.<\/p>\n<p><img loading=\"lazy\" decoding=\"async\" class=\"alignnone size-medium wp-image-67\" src=\"http:\/\/bloggystyle.fotogravi.de\/wp-content\/uploads\/2017\/06\/tobychill-300x225.jpg\" alt=\"\" width=\"300\" height=\"225\" srcset=\"https:\/\/bloggystyle.fotogravi.de\/wp-content\/uploads\/2017\/06\/tobychill-300x225.jpg 300w, https:\/\/bloggystyle.fotogravi.de\/wp-content\/uploads\/2017\/06\/tobychill-768x575.jpg 768w, https:\/\/bloggystyle.fotogravi.de\/wp-content\/uploads\/2017\/06\/tobychill-1024x766.jpg 1024w, https:\/\/bloggystyle.fotogravi.de\/wp-content\/uploads\/2017\/06\/tobychill.jpg 1280w\" sizes=\"auto, (max-width: 300px) 100vw, 300px\" \/>\u00a0<img loading=\"lazy\" decoding=\"async\" class=\"alignnone size-medium wp-image-65\" src=\"http:\/\/bloggystyle.fotogravi.de\/wp-content\/uploads\/2017\/06\/DSC_1002-300x200.jpg\" alt=\"\" width=\"300\" height=\"200\" srcset=\"https:\/\/bloggystyle.fotogravi.de\/wp-content\/uploads\/2017\/06\/DSC_1002-300x200.jpg 300w, https:\/\/bloggystyle.fotogravi.de\/wp-content\/uploads\/2017\/06\/DSC_1002-768x513.jpg 768w, https:\/\/bloggystyle.fotogravi.de\/wp-content\/uploads\/2017\/06\/DSC_1002-1024x683.jpg 1024w\" sizes=\"auto, (max-width: 300px) 100vw, 300px\" \/><\/p>\n<p>Ich bin meinem Mann unglaublich dankbar, dass er mir diesen Herzenswunsch erf\u00fcllt hat, manche m\u00f6gen es nicht verstehen, aber er hat f\u00fcr mich nahezu dieselbe Bedeutung wie ein Kind. Es hat eben Fell und spricht nicht unsere Sprache \u2013 wir verstehen ihn aber trotzdem, auch ohne Worte. Wir lieben dieses kleine Lebewesen und er hat unsere Familie jetzt eben auf diesem Weg komplett gemacht. \u00a0Manchmal geht das Leben eben andere Wege \u2013 m\u00f6gen es die Mitmenschen verstehen, oder eben nicht&#8230;<\/p>\n<p>Ich habe zu keinem Zeitpunkt unsere Entscheidung bereut.\u00a0 Im Gegenteil, ich freue mich wenn es mal Babyzuwachs in unserer Familie geben wird. Ich wei\u00df mein Mann wird ein wundervoller Onkel sein und ich hoffe ich werde eine ebenso tolle Tante. Wir werden unser Bestes geben, soviel ist gewiss.<\/p>\n<p>Wir f\u00fchlen uns stark mit unserer Entscheidung, ich f\u00fchle mich stark mit meinem Mann zusammen und in unserem Leben zu Zweit, also jetzt zu Dritt.<\/p>\n<p><img loading=\"lazy\" decoding=\"async\" class=\"alignnone size-medium wp-image-64\" src=\"http:\/\/bloggystyle.fotogravi.de\/wp-content\/uploads\/2017\/06\/18300904_1314095715311549_6924188837824086509_n-300x300.jpg\" alt=\"\" width=\"300\" height=\"300\" srcset=\"https:\/\/bloggystyle.fotogravi.de\/wp-content\/uploads\/2017\/06\/18300904_1314095715311549_6924188837824086509_n-300x300.jpg 300w, https:\/\/bloggystyle.fotogravi.de\/wp-content\/uploads\/2017\/06\/18300904_1314095715311549_6924188837824086509_n-150x150.jpg 150w, https:\/\/bloggystyle.fotogravi.de\/wp-content\/uploads\/2017\/06\/18300904_1314095715311549_6924188837824086509_n-768x770.jpg 768w, https:\/\/bloggystyle.fotogravi.de\/wp-content\/uploads\/2017\/06\/18300904_1314095715311549_6924188837824086509_n-100x100.jpg 100w, https:\/\/bloggystyle.fotogravi.de\/wp-content\/uploads\/2017\/06\/18300904_1314095715311549_6924188837824086509_n.jpg 958w\" sizes=\"auto, (max-width: 300px) 100vw, 300px\" \/><\/p>\n<p>In diesem Sinne, sei dankbar, zufrieden und gl\u00fccklich, Du hast alles was es zum gl\u00fccklich sein braucht.<\/p>\n<p><img loading=\"lazy\" decoding=\"async\" class=\"alignnone size-medium wp-image-62\" src=\"http:\/\/bloggystyle.fotogravi.de\/wp-content\/uploads\/2017\/06\/c9485c32-04c7-4ed3-8b13-4390fb988c18-300x169.jpg\" alt=\"\" width=\"300\" height=\"169\" srcset=\"https:\/\/bloggystyle.fotogravi.de\/wp-content\/uploads\/2017\/06\/c9485c32-04c7-4ed3-8b13-4390fb988c18-300x169.jpg 300w, https:\/\/bloggystyle.fotogravi.de\/wp-content\/uploads\/2017\/06\/c9485c32-04c7-4ed3-8b13-4390fb988c18-768x432.jpg 768w, https:\/\/bloggystyle.fotogravi.de\/wp-content\/uploads\/2017\/06\/c9485c32-04c7-4ed3-8b13-4390fb988c18-1024x576.jpg 1024w, https:\/\/bloggystyle.fotogravi.de\/wp-content\/uploads\/2017\/06\/c9485c32-04c7-4ed3-8b13-4390fb988c18.jpg 1328w\" sizes=\"auto, (max-width: 300px) 100vw, 300px\" \/><img loading=\"lazy\" decoding=\"async\" class=\"alignnone size-medium wp-image-63\" src=\"http:\/\/bloggystyle.fotogravi.de\/wp-content\/uploads\/2017\/06\/DSC_0902-300x200.jpg\" alt=\"\" width=\"300\" height=\"200\" srcset=\"https:\/\/bloggystyle.fotogravi.de\/wp-content\/uploads\/2017\/06\/DSC_0902-300x200.jpg 300w, https:\/\/bloggystyle.fotogravi.de\/wp-content\/uploads\/2017\/06\/DSC_0902-768x513.jpg 768w, https:\/\/bloggystyle.fotogravi.de\/wp-content\/uploads\/2017\/06\/DSC_0902-1024x683.jpg 1024w\" sizes=\"auto, (max-width: 300px) 100vw, 300px\" \/><\/p>\n<ol start=\"9\">\n<li>Juni 2017<\/li>\n<\/ol>\n","protected":false},"excerpt":{"rendered":"<p>Da ist er nun, mein allererster Blogeintrag. Ich bin doch direkt ein bisschen aufgeregt\u2026 dennoch ich m\u00f6chte in diesem ersten Eintrag ehrlich sein zu euch, ehrlich im Sinne, warum sind wir so wie wir sind, was macht unsere Pers\u00f6nlichkeit aus, warum reagieren wir manchmal unvorhersehbar, anders als vielleicht andere\u2026 Hinter jedem Menschen steht eine Geschichte, das hier ist also nun ein Teil von unserer\u2026 vielleicht habt ihr Lust es zu lesen, ohne \u00fcber uns zu urteilen, ohne uns in eine [&hellip;]<\/p>\n","protected":false},"author":2,"featured_media":0,"parent":0,"menu_order":0,"comment_status":"closed","ping_status":"closed","template":"","meta":{"jetpack_post_was_ever_published":false,"footnotes":""},"class_list":["post-61","page","type-page","status-publish","hentry"],"jetpack_sharing_enabled":true,"jetpack_shortlink":"https:\/\/wp.me\/P92MGu-Z","_links":{"self":[{"href":"https:\/\/bloggystyle.fotogravi.de\/index.php\/wp-json\/wp\/v2\/pages\/61","targetHints":{"allow":["GET"]}}],"collection":[{"href":"https:\/\/bloggystyle.fotogravi.de\/index.php\/wp-json\/wp\/v2\/pages"}],"about":[{"href":"https:\/\/bloggystyle.fotogravi.de\/index.php\/wp-json\/wp\/v2\/types\/page"}],"author":[{"embeddable":true,"href":"https:\/\/bloggystyle.fotogravi.de\/index.php\/wp-json\/wp\/v2\/users\/2"}],"replies":[{"embeddable":true,"href":"https:\/\/bloggystyle.fotogravi.de\/index.php\/wp-json\/wp\/v2\/comments?post=61"}],"version-history":[{"count":2,"href":"https:\/\/bloggystyle.fotogravi.de\/index.php\/wp-json\/wp\/v2\/pages\/61\/revisions"}],"predecessor-version":[{"id":68,"href":"https:\/\/bloggystyle.fotogravi.de\/index.php\/wp-json\/wp\/v2\/pages\/61\/revisions\/68"}],"wp:attachment":[{"href":"https:\/\/bloggystyle.fotogravi.de\/index.php\/wp-json\/wp\/v2\/media?parent=61"}],"curies":[{"name":"wp","href":"https:\/\/api.w.org\/{rel}","templated":true}]}}