{"id":5,"date":"2017-06-07T21:09:39","date_gmt":"2017-06-07T19:09:39","guid":{"rendered":"http:\/\/bloggystyle.fotogravi.de\/?page_id=5"},"modified":"2020-03-11T17:57:42","modified_gmt":"2020-03-11T16:57:42","slug":"ueber-mich","status":"publish","type":"page","link":"https:\/\/bloggystyle.fotogravi.de\/index.php\/ueber-mich\/","title":{"rendered":"About Bloggystyle"},"content":{"rendered":"\n<div class=\"wp-block-image\"><figure class=\"aligncenter size-large\"><img loading=\"lazy\" decoding=\"async\" width=\"768\" height=\"1024\" src=\"http:\/\/bloggystyle.fotogravi.de\/wp-content\/uploads\/2020\/03\/IMG_20190918_191757-768x1024.jpg\" alt=\"\" class=\"wp-image-530\" srcset=\"https:\/\/bloggystyle.fotogravi.de\/wp-content\/uploads\/2020\/03\/IMG_20190918_191757-768x1024.jpg 768w, https:\/\/bloggystyle.fotogravi.de\/wp-content\/uploads\/2020\/03\/IMG_20190918_191757-225x300.jpg 225w, https:\/\/bloggystyle.fotogravi.de\/wp-content\/uploads\/2020\/03\/IMG_20190918_191757-1152x1536.jpg 1152w, https:\/\/bloggystyle.fotogravi.de\/wp-content\/uploads\/2020\/03\/IMG_20190918_191757-1536x2048.jpg 1536w, https:\/\/bloggystyle.fotogravi.de\/wp-content\/uploads\/2020\/03\/IMG_20190918_191757-370x493.jpg 370w, https:\/\/bloggystyle.fotogravi.de\/wp-content\/uploads\/2020\/03\/IMG_20190918_191757-1040x1387.jpg 1040w, https:\/\/bloggystyle.fotogravi.de\/wp-content\/uploads\/2020\/03\/IMG_20190918_191757-scaled.jpg 1920w\" sizes=\"auto, (max-width: 768px) 100vw, 768px\" \/><\/figure><\/div>\n\n\n\n<p class=\"has-text-align-center\">Lebe, Liebe, Lache, genie\u00dfe gutes Essen und Trinken und lass Deinen Gedanken freien Lauf\u2026<\/p>\n\n\n\n<p class=\"has-text-align-center\">Bloggystyle ist kein Blog der auf ein spezielles Themengebiet begrenzt ist, vielmehr ist es ein Ort, der es mir erlaubt meine Gedanken, meine Freude, meine Sorgen, meinen \u00c4rger loszulassen und all die Eindr\u00fccke in Wort und Schrift zu bringen.<\/p>\n\n\n\n<p class=\"has-text-align-center\">Denn Gedanken die Du loslassen kannst, lassen auch Dich los!<\/p>\n\n\n\n<p class=\"has-text-align-center\">Es gibt so viele Dinge die mich bewegen, die mich begeistern, die mich erschrecken, die es in meinen Augen wert sind, dass man dar\u00fcber spricht. Sei es die Magie eines fremden Ortes auf unserer Erde, der Geschmack von gutem Essen auf der Zunge, die greifbare Emotion, wenn ein Lied Deine Seele ber\u00fchrt\u2026 und seien es die Sorgen und \u00c4ngste, die Not in unserer Welt, die Trauer und die Wut\u2026 hier findet es seinen Raum.<\/p>\n\n\n\n<p class=\"has-text-align-center\">Dankbar bin ich f\u00fcr die wundervollen Menschen in unserem Leben, die wir liebevoll Familie und Freunde nennen d\u00fcrfen. Es sind vielleicht nicht viele an der Zahl, aber die haben es daf\u00fcr in sich. Dankbar, darum, weil es doch nicht selbstverst\u00e4ndlich ist, dass ein paar der wirklich \u201eguten\u201c Menschen, die mit dem Herz auf dem rechten Fleck, Teil unseres Lebens sind.<\/p>\n\n\n\n<p class=\"has-text-align-center\">Nicht zuletzt gibt es zwei wundervolle Seelen in meinem Leben, mein Ehemann, Du bist der beste und zweifelsfrei der wundervollste\u00a0Grund warum das Leben sch\u00f6n ist, und unser Labradoodle Toby \u2013 ihr macht mich gl\u00fccklich, ihr gebt mir Halt und Zuversicht, ihr teilt die hellen und bunten Tage mit mir und ihr haltet mich ganz fest, an den dunklen, tr\u00fcben Tagen\u2026 ihr lebt, liebt und lacht mit mir,<\/p>\n\n\n\n<p class=\"has-text-align-center\">Danke!<\/p>\n\n\n\n<div class=\"wp-block-image is-style-circle-mask\"><figure class=\"aligncenter size-large is-resized\"><img loading=\"lazy\" decoding=\"async\" src=\"http:\/\/bloggystyle.fotogravi.de\/wp-content\/uploads\/2017\/06\/18300904_1314095715311549_6924188837824086509_n.jpg\" alt=\"\" class=\"wp-image-64\" width=\"321\" height=\"322\" srcset=\"https:\/\/bloggystyle.fotogravi.de\/wp-content\/uploads\/2017\/06\/18300904_1314095715311549_6924188837824086509_n.jpg 958w, https:\/\/bloggystyle.fotogravi.de\/wp-content\/uploads\/2017\/06\/18300904_1314095715311549_6924188837824086509_n-150x150.jpg 150w, https:\/\/bloggystyle.fotogravi.de\/wp-content\/uploads\/2017\/06\/18300904_1314095715311549_6924188837824086509_n-300x300.jpg 300w, https:\/\/bloggystyle.fotogravi.de\/wp-content\/uploads\/2017\/06\/18300904_1314095715311549_6924188837824086509_n-768x770.jpg 768w, https:\/\/bloggystyle.fotogravi.de\/wp-content\/uploads\/2017\/06\/18300904_1314095715311549_6924188837824086509_n-100x100.jpg 100w\" sizes=\"auto, (max-width: 321px) 100vw, 321px\" \/><\/figure><\/div>\n","protected":false},"excerpt":{"rendered":"<p>Lebe, Liebe, Lache, genie\u00dfe gutes Essen und Trinken und lass Deinen Gedanken freien Lauf\u2026 Bloggystyle ist kein Blog der auf ein spezielles Themengebiet begrenzt ist, vielmehr ist es ein Ort, der es mir erlaubt meine Gedanken, meine Freude, meine Sorgen, meinen \u00c4rger loszulassen und all die Eindr\u00fccke in Wort und Schrift zu bringen. Denn Gedanken die Du loslassen kannst, lassen auch Dich los! Es gibt so viele Dinge die mich bewegen, die mich begeistern, die mich erschrecken, die es in [&hellip;]<\/p>\n","protected":false},"author":1,"featured_media":530,"parent":0,"menu_order":0,"comment_status":"closed","ping_status":"closed","template":"","meta":{"jetpack_post_was_ever_published":false,"footnotes":""},"class_list":["post-5","page","type-page","status-publish","has-post-thumbnail","hentry"],"jetpack_sharing_enabled":true,"jetpack_shortlink":"https:\/\/wp.me\/P92MGu-5","_links":{"self":[{"href":"https:\/\/bloggystyle.fotogravi.de\/index.php\/wp-json\/wp\/v2\/pages\/5","targetHints":{"allow":["GET"]}}],"collection":[{"href":"https:\/\/bloggystyle.fotogravi.de\/index.php\/wp-json\/wp\/v2\/pages"}],"about":[{"href":"https:\/\/bloggystyle.fotogravi.de\/index.php\/wp-json\/wp\/v2\/types\/page"}],"author":[{"embeddable":true,"href":"https:\/\/bloggystyle.fotogravi.de\/index.php\/wp-json\/wp\/v2\/users\/1"}],"replies":[{"embeddable":true,"href":"https:\/\/bloggystyle.fotogravi.de\/index.php\/wp-json\/wp\/v2\/comments?post=5"}],"version-history":[{"count":6,"href":"https:\/\/bloggystyle.fotogravi.de\/index.php\/wp-json\/wp\/v2\/pages\/5\/revisions"}],"predecessor-version":[{"id":533,"href":"https:\/\/bloggystyle.fotogravi.de\/index.php\/wp-json\/wp\/v2\/pages\/5\/revisions\/533"}],"wp:featuredmedia":[{"embeddable":true,"href":"https:\/\/bloggystyle.fotogravi.de\/index.php\/wp-json\/wp\/v2\/media\/530"}],"wp:attachment":[{"href":"https:\/\/bloggystyle.fotogravi.de\/index.php\/wp-json\/wp\/v2\/media?parent=5"}],"curies":[{"name":"wp","href":"https:\/\/api.w.org\/{rel}","templated":true}]}}